{"id":1316,"date":"2023-08-19T08:34:29","date_gmt":"2023-08-19T08:34:29","guid":{"rendered":"https:\/\/bestcakesbcn.com\/?page_id=1316"},"modified":"2023-08-19T08:42:25","modified_gmt":"2023-08-19T08:42:25","slug":"declaracion-de-accesibilidad","status":"publish","type":"page","link":"https:\/\/bestcakesbcn.com\/en\/declaracion-de-accesibilidad\/","title":{"rendered":"Declaraci\u00f3n de accesibilidad"},"content":{"rendered":"<p>La presente declaraci\u00f3n de accesibilidad se aplica al sitio web\u00a0<a href=\"https:\/\/bestcakesbcn.com\/en\/\">bestcakesbcn.com<\/a>\u00a0excluyendo los contenidos incrustados provenientes de otros dominios.<\/p>\n\n\n\n<p>En Best Cakes Bcn, nos comprometemos a garantizar que nuestro sitio web sea accesible para todas las personas, independientemente de sus capacidades o limitaciones. Creemos que todos los usuarios deben poder acceder y utilizar nuestro sitio web de manera efectiva y c\u00f3moda.<\/p>\n\n\n\n<h3 class=\"wp-block-heading\">Situaci\u00f3n de cumplimiento<\/h3>\n\n\n\n<p>Este sitio web es Parcialmente conforme con la Norma&nbsp;<strong>UNE-EN 301 549:2022 \u2013<\/strong>&nbsp;excluyendo el contenido excluido por el RD 1112\/2018.<\/p>\n\n\n\n<p>Para lograr este objetivo, hemos tomado las siguientes medidas para asegurar que nuestro sitio web cumpla con las pautas de accesibilidad:<\/p>\n\n\n\n<ul class=\"wp-block-list\">\n<li>Utilizamos un dise\u00f1o web que se adapta a diferentes tama\u00f1os de pantalla, lo que permite una f\u00e1cil navegaci\u00f3n en diferentes dispositivos.<\/li>\n\n\n\n<li>Proporcionamos etiquetas alternativas para todas las im\u00e1genes y otros medios, para que los usuarios puedan entender su contenido incluso si no pueden verlos.<\/li>\n\n\n\n<li>Utilizamos colores de alto contraste para que el texto sea f\u00e1cil de leer y proporcionamos opciones de tama\u00f1o de letra para que los usuarios puedan ajustar el tama\u00f1o seg\u00fan sus necesidades.<\/li>\n\n\n\n<li>Aseguramos que nuestro sitio web sea f\u00e1cilmente navegable mediante el uso de teclado y navegaci\u00f3n simplificada<\/li>\n<\/ul>\n\n\n\n<p>Nos esforzamos por mejorar continuamente nuestra accesibilidad y nos comprometemos a seguir explorando nuevas formas de hacer que nuestro sitio web sea m\u00e1s accesible para todos los usuarios. Si tienes alguna sugerencia o comentario sobre la accesibilidad de nuestro sitio web, por favor cont\u00e1ctanos.<\/p>\n\n\n\n<p>Esperamos que nuestra declaraci\u00f3n de accesibilidad te brinde la tranquilidad de saber que estamos comprometidos con la accesibilidad y que trabajamos para asegurar que todos los usuarios puedan disfrutar de nuestro sitio web de manera efectiva y c\u00f3moda.<\/p>\n\n\n\n<p>Si desea notificar alg\u00fan problema de accesibilidad, puedes dirigirte al RESPONSABLE a trav\u00e9s de Alcira Andrea Moriset,  Avenida Diagonal 76 tienda 1. 08019. Barcelona<\/p>\n\n\n\n<p>E-mail: info@bestcakesbcn.com<\/p>","protected":false},"excerpt":{"rendered":"<p>La presente declaraci\u00f3n de accesibilidad se aplica al sitio web\u00a0bestcakesbcn.com\u00a0excluyendo los contenidos incrustados provenientes de otros dominios. En Best Cakes Bcn, nos comprometemos a garantizar que nuestro sitio web sea accesible para todas las personas, independientemente de sus capacidades o limitaciones. Creemos que todos los usuarios deben poder acceder y utilizar nuestro sitio web de &#8230; <a title=\"Declaraci\u00f3n de accesibilidad\" class=\"read-more\" href=\"https:\/\/bestcakesbcn.com\/en\/declaracion-de-accesibilidad\/\" aria-label=\"Read more about Declaraci\u00f3n de accesibilidad\">Read more<\/a><\/p>","protected":false},"author":1,"featured_media":0,"parent":0,"menu_order":0,"comment_status":"closed","ping_status":"closed","template":"","meta":{"footnotes":""},"class_list":["post-1316","page","type-page","status-publish"],"yoast_head":"<!-- This site is optimized with the Yoast SEO plugin v27.4 - https:\/\/yoast.com\/product\/yoast-seo-wordpress\/ -->\n<title>Declaraci\u00f3n de accesibilidad - Bestcakesbcn<\/title>\n<meta name=\"robots\" content=\"index, follow, max-snippet:-1, max-image-preview:large, max-video-preview:-1\" \/>\n<link rel=\"canonical\" href=\"https:\/\/bestcakesbcn.com\/en\/declaracion-de-accesibilidad\/\" \/>\n<meta property=\"og:locale\" content=\"en_GB\" \/>\n<meta property=\"og:type\" content=\"article\" \/>\n<meta property=\"og:title\" content=\"Declaraci\u00f3n de accesibilidad - Bestcakesbcn\" \/>\n<meta property=\"og:description\" content=\"La presente declaraci\u00f3n de accesibilidad se aplica al sitio web\u00a0bestcakesbcn.com\u00a0excluyendo los contenidos incrustados provenientes de otros dominios. En Best Cakes Bcn, nos comprometemos a garantizar que nuestro sitio web sea accesible para todas las personas, independientemente de sus capacidades o limitaciones. Creemos que todos los usuarios deben poder acceder y utilizar nuestro sitio web de ... Read more\" \/>\n<meta property=\"og:url\" content=\"https:\/\/bestcakesbcn.com\/en\/declaracion-de-accesibilidad\/\" \/>\n<meta property=\"og:site_name\" content=\"Bestcakesbcn\" \/>\n<meta property=\"article:publisher\" content=\"https:\/\/www.facebook.com\/Bestcakesbcn\/?locale=es_LA\" \/>\n<meta property=\"article:modified_time\" content=\"2023-08-19T08:42:25+00:00\" \/>\n<meta name=\"twitter:card\" content=\"summary_large_image\" \/>\n<meta name=\"twitter:label1\" content=\"Estimated reading time\" \/>\n\t<meta name=\"twitter:data1\" content=\"2 minutes\" \/>\n<script type=\"application\/ld+json\" class=\"yoast-schema-graph\">{\"@context\":\"https:\\\/\\\/schema.org\",\"@graph\":[{\"@type\":\"WebPage\",\"@id\":\"https:\\\/\\\/bestcakesbcn.com\\\/declaracion-de-accesibilidad\\\/\",\"url\":\"https:\\\/\\\/bestcakesbcn.com\\\/declaracion-de-accesibilidad\\\/\",\"name\":\"Declaraci\u00f3n de accesibilidad - Bestcakesbcn\",\"isPartOf\":{\"@id\":\"https:\\\/\\\/bestcakesbcn.com\\\/#website\"},\"datePublished\":\"2023-08-19T08:34:29+00:00\",\"dateModified\":\"2023-08-19T08:42:25+00:00\",\"breadcrumb\":{\"@id\":\"https:\\\/\\\/bestcakesbcn.com\\\/declaracion-de-accesibilidad\\\/#breadcrumb\"},\"inLanguage\":\"en-GB\",\"potentialAction\":[{\"@type\":\"ReadAction\",\"target\":[\"https:\\\/\\\/bestcakesbcn.com\\\/declaracion-de-accesibilidad\\\/\"]}]},{\"@type\":\"BreadcrumbList\",\"@id\":\"https:\\\/\\\/bestcakesbcn.com\\\/declaracion-de-accesibilidad\\\/#breadcrumb\",\"itemListElement\":[{\"@type\":\"ListItem\",\"position\":1,\"name\":\"Portada\",\"item\":\"https:\\\/\\\/bestcakesbcn.com\\\/\"},{\"@type\":\"ListItem\",\"position\":2,\"name\":\"Declaraci\u00f3n de accesibilidad\"}]},{\"@type\":\"WebSite\",\"@id\":\"https:\\\/\\\/bestcakesbcn.com\\\/#website\",\"url\":\"https:\\\/\\\/bestcakesbcn.com\\\/\",\"name\":\"Bestcakesbcn\",\"description\":\"Pasteler\u00eda creativa en Barcelona\",\"publisher\":{\"@id\":\"https:\\\/\\\/bestcakesbcn.com\\\/#organization\"},\"potentialAction\":[{\"@type\":\"SearchAction\",\"target\":{\"@type\":\"EntryPoint\",\"urlTemplate\":\"https:\\\/\\\/bestcakesbcn.com\\\/?s={search_term_string}\"},\"query-input\":{\"@type\":\"PropertyValueSpecification\",\"valueRequired\":true,\"valueName\":\"search_term_string\"}}],\"inLanguage\":\"en-GB\"},{\"@type\":\"Organization\",\"@id\":\"https:\\\/\\\/bestcakesbcn.com\\\/#organization\",\"name\":\"Bestcakesbcn\",\"url\":\"https:\\\/\\\/bestcakesbcn.com\\\/\",\"logo\":{\"@type\":\"ImageObject\",\"inLanguage\":\"en-GB\",\"@id\":\"https:\\\/\\\/bestcakesbcn.com\\\/#\\\/schema\\\/logo\\\/image\\\/\",\"url\":\"https:\\\/\\\/bestcakesbcn.com\\\/wp-content\\\/uploads\\\/2023\\\/03\\\/Logo-tarta-pichi.png\",\"contentUrl\":\"https:\\\/\\\/bestcakesbcn.com\\\/wp-content\\\/uploads\\\/2023\\\/03\\\/Logo-tarta-pichi.png\",\"width\":215,\"height\":331,\"caption\":\"Bestcakesbcn\"},\"image\":{\"@id\":\"https:\\\/\\\/bestcakesbcn.com\\\/#\\\/schema\\\/logo\\\/image\\\/\"},\"sameAs\":[\"https:\\\/\\\/www.facebook.com\\\/Bestcakesbcn\\\/?locale=es_LA\",\"https:\\\/\\\/www.instagram.com\\\/bestcakesbcn\\\/\"]}]}<\/script>\n<!-- \/ Yoast SEO plugin. -->","yoast_head_json":{"title":"Declaraci\u00f3n de accesibilidad - Bestcakesbcn","robots":{"index":"index","follow":"follow","max-snippet":"max-snippet:-1","max-image-preview":"max-image-preview:large","max-video-preview":"max-video-preview:-1"},"canonical":"https:\/\/bestcakesbcn.com\/en\/declaracion-de-accesibilidad\/","og_locale":"en_GB","og_type":"article","og_title":"Declaraci\u00f3n de accesibilidad - Bestcakesbcn","og_description":"La presente declaraci\u00f3n de accesibilidad se aplica al sitio web\u00a0bestcakesbcn.com\u00a0excluyendo los contenidos incrustados provenientes de otros dominios. En Best Cakes Bcn, nos comprometemos a garantizar que nuestro sitio web sea accesible para todas las personas, independientemente de sus capacidades o limitaciones. Creemos que todos los usuarios deben poder acceder y utilizar nuestro sitio web de ... Read more","og_url":"https:\/\/bestcakesbcn.com\/en\/declaracion-de-accesibilidad\/","og_site_name":"Bestcakesbcn","article_publisher":"https:\/\/www.facebook.com\/Bestcakesbcn\/?locale=es_LA","article_modified_time":"2023-08-19T08:42:25+00:00","twitter_card":"summary_large_image","twitter_misc":{"Estimated reading time":"2 minutes"},"schema":{"@context":"https:\/\/schema.org","@graph":[{"@type":"WebPage","@id":"https:\/\/bestcakesbcn.com\/declaracion-de-accesibilidad\/","url":"https:\/\/bestcakesbcn.com\/declaracion-de-accesibilidad\/","name":"Declaraci\u00f3n de accesibilidad - Bestcakesbcn","isPartOf":{"@id":"https:\/\/bestcakesbcn.com\/#website"},"datePublished":"2023-08-19T08:34:29+00:00","dateModified":"2023-08-19T08:42:25+00:00","breadcrumb":{"@id":"https:\/\/bestcakesbcn.com\/declaracion-de-accesibilidad\/#breadcrumb"},"inLanguage":"en-GB","potentialAction":[{"@type":"ReadAction","target":["https:\/\/bestcakesbcn.com\/declaracion-de-accesibilidad\/"]}]},{"@type":"BreadcrumbList","@id":"https:\/\/bestcakesbcn.com\/declaracion-de-accesibilidad\/#breadcrumb","itemListElement":[{"@type":"ListItem","position":1,"name":"Portada","item":"https:\/\/bestcakesbcn.com\/"},{"@type":"ListItem","position":2,"name":"Declaraci\u00f3n de accesibilidad"}]},{"@type":"WebSite","@id":"https:\/\/bestcakesbcn.com\/#website","url":"https:\/\/bestcakesbcn.com\/","name":"Bestcakesbcn","description":"Pasteler\u00eda creativa en Barcelona","publisher":{"@id":"https:\/\/bestcakesbcn.com\/#organization"},"potentialAction":[{"@type":"SearchAction","target":{"@type":"EntryPoint","urlTemplate":"https:\/\/bestcakesbcn.com\/?s={search_term_string}"},"query-input":{"@type":"PropertyValueSpecification","valueRequired":true,"valueName":"search_term_string"}}],"inLanguage":"en-GB"},{"@type":"Organization","@id":"https:\/\/bestcakesbcn.com\/#organization","name":"Bestcakesbcn","url":"https:\/\/bestcakesbcn.com\/","logo":{"@type":"ImageObject","inLanguage":"en-GB","@id":"https:\/\/bestcakesbcn.com\/#\/schema\/logo\/image\/","url":"https:\/\/bestcakesbcn.com\/wp-content\/uploads\/2023\/03\/Logo-tarta-pichi.png","contentUrl":"https:\/\/bestcakesbcn.com\/wp-content\/uploads\/2023\/03\/Logo-tarta-pichi.png","width":215,"height":331,"caption":"Bestcakesbcn"},"image":{"@id":"https:\/\/bestcakesbcn.com\/#\/schema\/logo\/image\/"},"sameAs":["https:\/\/www.facebook.com\/Bestcakesbcn\/?locale=es_LA","https:\/\/www.instagram.com\/bestcakesbcn\/"]}]}},"_links":{"self":[{"href":"https:\/\/bestcakesbcn.com\/en\/wp-json\/wp\/v2\/pages\/1316","targetHints":{"allow":["GET"]}}],"collection":[{"href":"https:\/\/bestcakesbcn.com\/en\/wp-json\/wp\/v2\/pages"}],"about":[{"href":"https:\/\/bestcakesbcn.com\/en\/wp-json\/wp\/v2\/types\/page"}],"author":[{"embeddable":true,"href":"https:\/\/bestcakesbcn.com\/en\/wp-json\/wp\/v2\/users\/1"}],"replies":[{"embeddable":true,"href":"https:\/\/bestcakesbcn.com\/en\/wp-json\/wp\/v2\/comments?post=1316"}],"version-history":[{"count":1,"href":"https:\/\/bestcakesbcn.com\/en\/wp-json\/wp\/v2\/pages\/1316\/revisions"}],"predecessor-version":[{"id":1318,"href":"https:\/\/bestcakesbcn.com\/en\/wp-json\/wp\/v2\/pages\/1316\/revisions\/1318"}],"wp:attachment":[{"href":"https:\/\/bestcakesbcn.com\/en\/wp-json\/wp\/v2\/media?parent=1316"}],"curies":[{"name":"wp","href":"https:\/\/api.w.org\/{rel}","templated":true}]}}