{"id":646,"date":"2023-03-21T19:23:20","date_gmt":"2023-03-21T19:23:20","guid":{"rendered":"https:\/\/bestcakesbcn.com\/?page_id=646"},"modified":"2023-08-19T16:52:43","modified_gmt":"2023-08-19T16:52:43","slug":"cursos-y-talleres","status":"publish","type":"page","link":"https:\/\/bestcakesbcn.com\/en\/cursos-y-talleres\/","title":{"rendered":"Courses and workshops"},"content":{"rendered":"<div data-elementor-type=\"wp-page\" data-elementor-id=\"646\" class=\"elementor elementor-646\" data-elementor-post-type=\"page\">\n\t\t\t\t\t\t<section class=\"elementor-section elementor-top-section elementor-element elementor-element-444025d7 elementor-section-stretched elementor-section-boxed elementor-section-height-default elementor-section-height-default\" data-id=\"444025d7\" data-element_type=\"section\" data-e-type=\"section\" data-settings=\"{&quot;background_background&quot;:&quot;classic&quot;,&quot;stretch_section&quot;:&quot;section-stretched&quot;,&quot;shape_divider_bottom&quot;:&quot;wave-brush&quot;}\">\n\t\t\t\t\t\t\t<div class=\"elementor-background-overlay\"><\/div>\n\t\t\t\t\t\t<div class=\"elementor-shape elementor-shape-bottom\" aria-hidden=\"true\" data-negative=\"false\">\n\t\t\t<svg xmlns=\"http:\/\/www.w3.org\/2000\/svg\" viewbox=\"0 0 283.5 27.8\" preserveaspectratio=\"none\">\n\t<path class=\"elementor-shape-fill\" d=\"M283.5,9.7c0,0-7.3,4.3-14,4.6c-6.8,0.3-12.6,0-20.9-1.5c-11.3-2-33.1-10.1-44.7-5.7\ts-12.1,4.6-18,7.4c-6.6,3.2-20,9.6-36.6,9.3C131.6,23.5,99.5,7.2,86.3,8c-1.4,0.1-6.6,0.8-10.5,2c-3.8,1.2-9.4,3.8-17,4.7\tc-3.2,0.4-8.3,1.1-14.2,0.9c-1.5-0.1-6.3-0.4-12-1.6c-5.7-1.2-11-3.1-15.8-3.7C6.5,9.2,0,10.8,0,10.8V0h283.5V9.7z M260.8,11.3\tc-0.7-1-2-0.4-4.3-0.4c-2.3,0-6.1-1.2-5.8-1.1c0.3,0.1,3.1,1.5,6,1.9C259.7,12.2,261.4,12.3,260.8,11.3z M242.4,8.6\tc0,0-2.4-0.2-5.6-0.9c-3.2-0.8-10.3-2.8-15.1-3.5c-8.2-1.1-15.8,0-15.1,0.1c0.8,0.1,9.6-0.6,17.6,1.1c3.3,0.7,9.3,2.2,12.4,2.7\tC239.9,8.7,242.4,8.6,242.4,8.6z M185.2,8.5c1.7-0.7-13.3,4.7-18.5,6.1c-2.1,0.6-6.2,1.6-10,2c-3.9,0.4-8.9,0.4-8.8,0.5\tc0,0.2,5.8,0.8,11.2,0c5.4-0.8,5.2-1.1,7.6-1.6C170.5,14.7,183.5,9.2,185.2,8.5z M199.1,6.9c0.2,0-0.8-0.4-4.8,1.1\tc-4,1.5-6.7,3.5-6.9,3.7c-0.2,0.1,3.5-1.8,6.6-3C197,7.5,199,6.9,199.1,6.9z M283,6c-0.1,0.1-1.9,1.1-4.8,2.5s-6.9,2.8-6.7,2.7\tc0.2,0,3.5-0.6,7.4-2.5C282.8,6.8,283.1,5.9,283,6z M31.3,11.6c0.1-0.2-1.9-0.2-4.5-1.2s-5.4-1.6-7.8-2C15,7.6,7.3,8.5,7.7,8.6\tC8,8.7,15.9,8.3,20.2,9.3c2.2,0.5,2.4,0.5,5.7,1.6S31.2,11.9,31.3,11.6z M73,9.2c0.4-0.1,3.5-1.6,8.4-2.6c4.9-1.1,8.9-0.5,8.9-0.8\tc0-0.3-1-0.9-6.2-0.3S72.6,9.3,73,9.2z M71.6,6.7C71.8,6.8,75,5.4,77.3,5c2.3-0.3,1.9-0.5,1.9-0.6c0-0.1-1.1-0.2-2.7,0.2\tC74.8,5.1,71.4,6.6,71.6,6.7z M93.6,4.4c0.1,0.2,3.5,0.8,5.6,1.8c2.1,1,1.8,0.6,1.9,0.5c0.1-0.1-0.8-0.8-2.4-1.3\tC97.1,4.8,93.5,4.2,93.6,4.4z M65.4,11.1c-0.1,0.3,0.3,0.5,1.9-0.2s2.6-1.3,2.2-1.2s-0.9,0.4-2.5,0.8C65.3,10.9,65.5,10.8,65.4,11.1\tz M34.5,12.4c-0.2,0,2.1,0.8,3.3,0.9c1.2,0.1,2,0.1,2-0.2c0-0.3-0.1-0.5-1.6-0.4C36.6,12.8,34.7,12.4,34.5,12.4z M152.2,21.1\tc-0.1,0.1-2.4-0.3-7.5-0.3c-5,0-13.6-2.4-17.2-3.5c-3.6-1.1,10,3.9,16.5,4.1C150.5,21.6,152.3,21,152.2,21.1z\"\/>\n\t<path class=\"elementor-shape-fill\" d=\"M269.6,18c-0.1-0.1-4.6,0.3-7.2,0c-7.3-0.7-17-3.2-16.6-2.9c0.4,0.3,13.7,3.1,17,3.3\tC267.7,18.8,269.7,18,269.6,18z\"\/>\n\t<path class=\"elementor-shape-fill\" d=\"M227.4,9.8c-0.2-0.1-4.5-1-9.5-1.2c-5-0.2-12.7,0.6-12.3,0.5c0.3-0.1,5.9-1.8,13.3-1.2\tS227.6,9.9,227.4,9.8z\"\/>\n\t<path class=\"elementor-shape-fill\" d=\"M204.5,13.4c-0.1-0.1,2-1,3.2-1.1c1.2-0.1,2,0,2,0.3c0,0.3-0.1,0.5-1.6,0.4\tC206.4,12.9,204.6,13.5,204.5,13.4z\"\/>\n\t<path class=\"elementor-shape-fill\" d=\"M201,10.6c0-0.1-4.4,1.2-6.3,2.2c-1.9,0.9-6.2,3.1-6.1,3.1c0.1,0.1,4.2-1.6,6.3-2.6\tS201,10.7,201,10.6z\"\/>\n\t<path class=\"elementor-shape-fill\" d=\"M154.5,26.7c-0.1-0.1-4.6,0.3-7.2,0c-7.3-0.7-17-3.2-16.6-2.9c0.4,0.3,13.7,3.1,17,3.3\tC152.6,27.5,154.6,26.8,154.5,26.7z\"\/>\n\t<path class=\"elementor-shape-fill\" d=\"M41.9,19.3c0,0,1.2-0.3,2.9-0.1c1.7,0.2,5.8,0.9,8.2,0.7c4.2-0.4,7.4-2.7,7-2.6\tc-0.4,0-4.3,2.2-8.6,1.9c-1.8-0.1-5.1-0.5-6.7-0.4S41.9,19.3,41.9,19.3z\"\/>\n\t<path class=\"elementor-shape-fill\" d=\"M75.5,12.6c0.2,0.1,2-0.8,4.3-1.1c2.3-0.2,2.1-0.3,2.1-0.5c0-0.1-1.8-0.4-3.4,0\tC76.9,11.5,75.3,12.5,75.5,12.6z\"\/>\n\t<path class=\"elementor-shape-fill\" d=\"M15.6,13.2c0-0.1,4.3,0,6.7,0.5c2.4,0.5,5,1.9,5,2c0,0.1-2.7-0.8-5.1-1.4\tC19.9,13.7,15.7,13.3,15.6,13.2z\"\/>\n<\/svg>\t\t<\/div>\n\t\t\t\t\t<div class=\"elementor-container elementor-column-gap-no\">\n\t\t\t\t\t<div class=\"elementor-column elementor-col-100 elementor-top-column elementor-element elementor-element-507701db\" data-id=\"507701db\" data-element_type=\"column\" data-e-type=\"column\">\n\t\t\t<div class=\"elementor-widget-wrap elementor-element-populated\">\n\t\t\t\t\t\t<div class=\"elementor-element elementor-element-310ec6ad elementor-widget elementor-widget-heading\" data-id=\"310ec6ad\" data-element_type=\"widget\" data-e-type=\"widget\" data-widget_type=\"heading.default\">\n\t\t\t\t<div class=\"elementor-widget-container\">\n\t\t\t\t\t<h1 class=\"elementor-heading-title elementor-size-default\">Courses and workshops<\/h1>\t\t\t\t<\/div>\n\t\t\t\t<\/div>\n\t\t\t\t<div class=\"elementor-element elementor-element-7ade37e3 elementor-widget elementor-widget-text-editor\" data-id=\"7ade37e3\" data-element_type=\"widget\" data-e-type=\"widget\" data-widget_type=\"text-editor.default\">\n\t\t\t\t<div class=\"elementor-widget-container\">\n\t\t\t\t\t\t\t\t\t<p>MAKE YOUR MOST SPECIAL MOMENT SWEET<\/p>\t\t\t\t\t\t\t\t<\/div>\n\t\t\t\t<\/div>\n\t\t\t\t<div class=\"elementor-element elementor-element-68fb0156 elementor-widget__width-initial elementor-widget elementor-widget-text-editor\" data-id=\"68fb0156\" data-element_type=\"widget\" data-e-type=\"widget\" data-widget_type=\"text-editor.default\">\n\t\t\t\t<div class=\"elementor-widget-container\">\n\t\t\t\t\t\t\t\t\t<p>Learn and enjoy with our courses desserts sweet in group or private. Immerse yourself in the art of the little French bakery and discovers workshops are fun for children. Explore the world of sweet tastes with us!<\/p>\t\t\t\t\t\t\t\t<\/div>\n\t\t\t\t<\/div>\n\t\t\t\t\t<\/div>\n\t\t<\/div>\n\t\t\t\t\t<\/div>\n\t\t<\/section>\n\t\t\t\t<section class=\"elementor-section elementor-top-section elementor-element elementor-element-e18f372 elementor-section-boxed elementor-section-height-default elementor-section-height-default\" data-id=\"e18f372\" data-element_type=\"section\" data-e-type=\"section\">\n\t\t\t\t\t\t<div class=\"elementor-container elementor-column-gap-default\">\n\t\t\t\t\t<div class=\"elementor-column elementor-col-100 elementor-top-column elementor-element elementor-element-1e81089\" data-id=\"1e81089\" data-element_type=\"column\" data-e-type=\"column\">\n\t\t\t<div class=\"elementor-widget-wrap elementor-element-populated\">\n\t\t\t\t\t\t<div class=\"elementor-element elementor-element-244d42c elementor-widget elementor-widget-text-editor\" data-id=\"244d42c\" data-element_type=\"widget\" data-e-type=\"widget\" data-widget_type=\"text-editor.default\">\n\t\t\t\t<div class=\"elementor-widget-container\">\n\t\t\t\t\t\t\t\t\t<p>DISCOVER THE PLEASURE OF CREATING DELICACIES IN OUR COURSES AND WORKSHOPS BAKE<\/p>\t\t\t\t\t\t\t\t<\/div>\n\t\t\t\t<\/div>\n\t\t\t\t<div class=\"elementor-element elementor-element-7abab3e elementor-widget elementor-widget-text-editor\" data-id=\"7abab3e\" data-element_type=\"widget\" data-e-type=\"widget\" data-widget_type=\"text-editor.default\">\n\t\t\t\t<div class=\"elementor-widget-container\">\n\t\t\t\t\t\t\t\t\t<p class=\"p1\">Welcome to our sweet adventure in the bakery creative! Our courses and workshops are designed to awaken the creativity of adults and kids alike. From decorating cupcakes to preparation of cakes, themed, immerse yourself in a world of flavors and designs irresistible. Our expert pastry chefs will guide you step by step, giving you the skills and techniques necessary to create true masterpieces sweet. Whether you&#039;re a fan of desserts, or just when you&#039;re starting out, our courses are perfect to learn, have fun and sweeten your life!<\/p>\t\t\t\t\t\t\t\t<\/div>\n\t\t\t\t<\/div>\n\t\t\t\t\t<\/div>\n\t\t<\/div>\n\t\t\t\t\t<\/div>\n\t\t<\/section>\n\t\t<div class=\"elementor-element elementor-element-1acd6da e-flex e-con-boxed e-con e-parent\" data-id=\"1acd6da\" data-element_type=\"container\" data-e-type=\"container\">\n\t\t\t\t\t<div class=\"e-con-inner\">\n\t\t<div class=\"elementor-element elementor-element-891cdf7 e-con-full e-flex e-con e-child\" data-id=\"891cdf7\" data-element_type=\"container\" data-e-type=\"container\" data-settings=\"{&quot;background_background&quot;:&quot;classic&quot;}\">\n\t\t\t\t<div class=\"elementor-element elementor-element-22e18f6 elementor-widget elementor-widget-heading\" data-id=\"22e18f6\" data-element_type=\"widget\" data-e-type=\"widget\" data-widget_type=\"heading.default\">\n\t\t\t\t<div class=\"elementor-widget-container\">\n\t\t\t\t\t<h3 class=\"elementor-heading-title elementor-size-default\"><a href=\"https:\/\/bestcakesbcn.com\/en\/bodas\/\">Course baking sweet in group or individual<\/a><\/h3>\t\t\t\t<\/div>\n\t\t\t\t<\/div>\n\t\t\t\t<div class=\"elementor-element elementor-element-d18fd8f elementor-align-center elementor-widget elementor-widget-button\" data-id=\"d18fd8f\" data-element_type=\"widget\" data-e-type=\"widget\" data-widget_type=\"button.default\">\n\t\t\t\t<div class=\"elementor-widget-container\">\n\t\t\t\t\t\t\t\t\t<div class=\"elementor-button-wrapper\">\n\t\t\t\t\t<a class=\"elementor-button elementor-button-link elementor-size-md\" href=\"#elementor-action%3Aaction%3Dpopup%3Aopen%26settings%3DeyJpZCI6IjExNTgiLCJ0b2dnbGUiOmZhbHNlfQ%3D%3D\">\n\t\t\t\t\t\t<span class=\"elementor-button-content-wrapper\">\n\t\t\t\t\t\t\t\t\t<span class=\"elementor-button-text\">Learn more<\/span>\n\t\t\t\t\t<\/span>\n\t\t\t\t\t<\/a>\n\t\t\t\t<\/div>\n\t\t\t\t\t\t\t\t<\/div>\n\t\t\t\t<\/div>\n\t\t\t\t<\/div>\n\t\t<div class=\"elementor-element elementor-element-7a59791 e-con-full e-flex e-con e-child\" data-id=\"7a59791\" data-element_type=\"container\" data-e-type=\"container\" data-settings=\"{&quot;background_background&quot;:&quot;classic&quot;}\">\n\t\t\t\t<div class=\"elementor-element elementor-element-5264d5f elementor-widget elementor-widget-heading\" data-id=\"5264d5f\" data-element_type=\"widget\" data-e-type=\"widget\" data-widget_type=\"heading.default\">\n\t\t\t\t<div class=\"elementor-widget-container\">\n\t\t\t\t\t<h3 class=\"elementor-heading-title elementor-size-default\"><a href=\"https:\/\/bestcakesbcn.com\/en\/bodas\/\">Course of a little French bakery<\/a><\/h3>\t\t\t\t<\/div>\n\t\t\t\t<\/div>\n\t\t\t\t<div class=\"elementor-element elementor-element-a2486d2 elementor-align-center elementor-widget elementor-widget-button\" data-id=\"a2486d2\" data-element_type=\"widget\" data-e-type=\"widget\" data-widget_type=\"button.default\">\n\t\t\t\t<div class=\"elementor-widget-container\">\n\t\t\t\t\t\t\t\t\t<div class=\"elementor-button-wrapper\">\n\t\t\t\t\t<a class=\"elementor-button elementor-button-link elementor-size-md\" href=\"#elementor-action%3Aaction%3Dpopup%3Aopen%26settings%3DeyJpZCI6IjExNTgiLCJ0b2dnbGUiOmZhbHNlfQ%3D%3D\">\n\t\t\t\t\t\t<span class=\"elementor-button-content-wrapper\">\n\t\t\t\t\t\t\t\t\t<span class=\"elementor-button-text\">Learn more<\/span>\n\t\t\t\t\t<\/span>\n\t\t\t\t\t<\/a>\n\t\t\t\t<\/div>\n\t\t\t\t\t\t\t\t<\/div>\n\t\t\t\t<\/div>\n\t\t\t\t<\/div>\n\t\t<div class=\"elementor-element elementor-element-30a029e e-con-full e-flex e-con e-child\" data-id=\"30a029e\" data-element_type=\"container\" data-e-type=\"container\" data-settings=\"{&quot;background_background&quot;:&quot;classic&quot;}\">\n\t\t\t\t<div class=\"elementor-element elementor-element-1557adf elementor-widget elementor-widget-heading\" data-id=\"1557adf\" data-element_type=\"widget\" data-e-type=\"widget\" data-widget_type=\"heading.default\">\n\t\t\t\t<div class=\"elementor-widget-container\">\n\t\t\t\t\t<h3 class=\"elementor-heading-title elementor-size-default\"><a href=\"https:\/\/bestcakesbcn.com\/en\/bodas\/\">Workshops for children<\/a><\/h3>\t\t\t\t<\/div>\n\t\t\t\t<\/div>\n\t\t\t\t<div class=\"elementor-element elementor-element-d1b1e0a elementor-align-center elementor-widget elementor-widget-button\" data-id=\"d1b1e0a\" data-element_type=\"widget\" data-e-type=\"widget\" data-widget_type=\"button.default\">\n\t\t\t\t<div class=\"elementor-widget-container\">\n\t\t\t\t\t\t\t\t\t<div class=\"elementor-button-wrapper\">\n\t\t\t\t\t<a class=\"elementor-button elementor-button-link elementor-size-md\" href=\"#elementor-action%3Aaction%3Dpopup%3Aopen%26settings%3DeyJpZCI6IjExNTgiLCJ0b2dnbGUiOmZhbHNlfQ%3D%3D\">\n\t\t\t\t\t\t<span class=\"elementor-button-content-wrapper\">\n\t\t\t\t\t\t\t\t\t<span class=\"elementor-button-text\">Learn more<\/span>\n\t\t\t\t\t<\/span>\n\t\t\t\t\t<\/a>\n\t\t\t\t<\/div>\n\t\t\t\t\t\t\t\t<\/div>\n\t\t\t\t<\/div>\n\t\t\t\t<\/div>\n\t\t<div class=\"elementor-element elementor-element-cf25e45 e-con-full e-flex e-con e-child\" data-id=\"cf25e45\" data-element_type=\"container\" data-e-type=\"container\" data-settings=\"{&quot;background_background&quot;:&quot;classic&quot;}\">\n\t\t\t\t<div class=\"elementor-element elementor-element-34f7aa1 elementor-widget elementor-widget-heading\" data-id=\"34f7aa1\" data-element_type=\"widget\" data-e-type=\"widget\" data-widget_type=\"heading.default\">\n\t\t\t\t<div class=\"elementor-widget-container\">\n\t\t\t\t\t<h3 class=\"elementor-heading-title elementor-size-default\"><a href=\"https:\/\/bestcakesbcn.com\/en\/bodas\/\">Course introduction<\/a><\/h3>\t\t\t\t<\/div>\n\t\t\t\t<\/div>\n\t\t\t\t<div class=\"elementor-element elementor-element-f1f3e9e elementor-align-center elementor-widget elementor-widget-button\" data-id=\"f1f3e9e\" data-element_type=\"widget\" data-e-type=\"widget\" data-widget_type=\"button.default\">\n\t\t\t\t<div class=\"elementor-widget-container\">\n\t\t\t\t\t\t\t\t\t<div class=\"elementor-button-wrapper\">\n\t\t\t\t\t<a class=\"elementor-button elementor-button-link elementor-size-md\" href=\"#elementor-action%3Aaction%3Dpopup%3Aopen%26settings%3DeyJpZCI6IjExNTgiLCJ0b2dnbGUiOmZhbHNlfQ%3D%3D\">\n\t\t\t\t\t\t<span class=\"elementor-button-content-wrapper\">\n\t\t\t\t\t\t\t\t\t<span class=\"elementor-button-text\">Learn more<\/span>\n\t\t\t\t\t<\/span>\n\t\t\t\t\t<\/a>\n\t\t\t\t<\/div>\n\t\t\t\t\t\t\t\t<\/div>\n\t\t\t\t<\/div>\n\t\t\t\t<\/div>\n\t\t\t\t\t<\/div>\n\t\t\t\t<\/div>\n\t\t\t\t<\/div>","protected":false},"excerpt":{"rendered":"<p>Cursos y talleres HAZ DULCE DE TU MOMENTO M\u00c1S ESPECIAL Aprende y disfruta con nuestros cursos de reposter\u00eda dulce en grupo o particulares. Sum\u00e9rgete en el arte de la reposter\u00eda francesa y descubre talleres divertidos para ni\u00f1os. \u00a1Explora el mundo de los sabores dulces con nosotros! DESCUBRE EL PLACER DE CREAR DELICIAS EN NUESTROS CURSOS &#8230; <a title=\"Courses and workshops\" class=\"read-more\" href=\"https:\/\/bestcakesbcn.com\/en\/cursos-y-talleres\/\" aria-label=\"Read more about Cursos y talleres\">Read more<\/a><\/p>","protected":false},"author":1,"featured_media":0,"parent":0,"menu_order":0,"comment_status":"closed","ping_status":"closed","template":"elementor_header_footer","meta":{"footnotes":""},"class_list":["post-646","page","type-page","status-publish"],"yoast_head":"<!-- This site is optimized with the Yoast SEO plugin v27.4 - https:\/\/yoast.com\/product\/yoast-seo-wordpress\/ -->\n<title>Cursos y talleres - Bestcakesbcn<\/title>\n<meta name=\"robots\" content=\"index, follow, max-snippet:-1, max-image-preview:large, max-video-preview:-1\" \/>\n<link rel=\"canonical\" href=\"https:\/\/bestcakesbcn.com\/en\/cursos-y-talleres\/\" \/>\n<meta property=\"og:locale\" content=\"en_GB\" \/>\n<meta property=\"og:type\" content=\"article\" \/>\n<meta property=\"og:title\" content=\"Cursos y talleres - Bestcakesbcn\" \/>\n<meta property=\"og:description\" content=\"Cursos y talleres HAZ DULCE DE TU MOMENTO M\u00c1S ESPECIAL Aprende y disfruta con nuestros cursos de reposter\u00eda dulce en grupo o particulares. Sum\u00e9rgete en el arte de la reposter\u00eda francesa y descubre talleres divertidos para ni\u00f1os. \u00a1Explora el mundo de los sabores dulces con nosotros! DESCUBRE EL PLACER DE CREAR DELICIAS EN NUESTROS CURSOS ... Read more\" \/>\n<meta property=\"og:url\" content=\"https:\/\/bestcakesbcn.com\/en\/cursos-y-talleres\/\" \/>\n<meta property=\"og:site_name\" content=\"Bestcakesbcn\" \/>\n<meta property=\"article:publisher\" content=\"https:\/\/www.facebook.com\/Bestcakesbcn\/?locale=es_LA\" \/>\n<meta property=\"article:modified_time\" content=\"2023-08-19T16:52:43+00:00\" \/>\n<meta name=\"twitter:card\" content=\"summary_large_image\" \/>\n<meta name=\"twitter:label1\" content=\"Estimated reading time\" \/>\n\t<meta name=\"twitter:data1\" content=\"1 minute\" \/>\n<script type=\"application\/ld+json\" class=\"yoast-schema-graph\">{\"@context\":\"https:\\\/\\\/schema.org\",\"@graph\":[{\"@type\":\"WebPage\",\"@id\":\"https:\\\/\\\/bestcakesbcn.com\\\/cursos-y-talleres\\\/\",\"url\":\"https:\\\/\\\/bestcakesbcn.com\\\/cursos-y-talleres\\\/\",\"name\":\"Cursos y talleres - Bestcakesbcn\",\"isPartOf\":{\"@id\":\"https:\\\/\\\/bestcakesbcn.com\\\/#website\"},\"datePublished\":\"2023-03-21T19:23:20+00:00\",\"dateModified\":\"2023-08-19T16:52:43+00:00\",\"breadcrumb\":{\"@id\":\"https:\\\/\\\/bestcakesbcn.com\\\/cursos-y-talleres\\\/#breadcrumb\"},\"inLanguage\":\"en-GB\",\"potentialAction\":[{\"@type\":\"ReadAction\",\"target\":[\"https:\\\/\\\/bestcakesbcn.com\\\/cursos-y-talleres\\\/\"]}]},{\"@type\":\"BreadcrumbList\",\"@id\":\"https:\\\/\\\/bestcakesbcn.com\\\/cursos-y-talleres\\\/#breadcrumb\",\"itemListElement\":[{\"@type\":\"ListItem\",\"position\":1,\"name\":\"Portada\",\"item\":\"https:\\\/\\\/bestcakesbcn.com\\\/\"},{\"@type\":\"ListItem\",\"position\":2,\"name\":\"Cursos y talleres\"}]},{\"@type\":\"WebSite\",\"@id\":\"https:\\\/\\\/bestcakesbcn.com\\\/#website\",\"url\":\"https:\\\/\\\/bestcakesbcn.com\\\/\",\"name\":\"Bestcakesbcn\",\"description\":\"Pasteler\u00eda creativa en Barcelona\",\"publisher\":{\"@id\":\"https:\\\/\\\/bestcakesbcn.com\\\/#organization\"},\"potentialAction\":[{\"@type\":\"SearchAction\",\"target\":{\"@type\":\"EntryPoint\",\"urlTemplate\":\"https:\\\/\\\/bestcakesbcn.com\\\/?s={search_term_string}\"},\"query-input\":{\"@type\":\"PropertyValueSpecification\",\"valueRequired\":true,\"valueName\":\"search_term_string\"}}],\"inLanguage\":\"en-GB\"},{\"@type\":\"Organization\",\"@id\":\"https:\\\/\\\/bestcakesbcn.com\\\/#organization\",\"name\":\"Bestcakesbcn\",\"url\":\"https:\\\/\\\/bestcakesbcn.com\\\/\",\"logo\":{\"@type\":\"ImageObject\",\"inLanguage\":\"en-GB\",\"@id\":\"https:\\\/\\\/bestcakesbcn.com\\\/#\\\/schema\\\/logo\\\/image\\\/\",\"url\":\"https:\\\/\\\/bestcakesbcn.com\\\/wp-content\\\/uploads\\\/2023\\\/03\\\/Logo-tarta-pichi.png\",\"contentUrl\":\"https:\\\/\\\/bestcakesbcn.com\\\/wp-content\\\/uploads\\\/2023\\\/03\\\/Logo-tarta-pichi.png\",\"width\":215,\"height\":331,\"caption\":\"Bestcakesbcn\"},\"image\":{\"@id\":\"https:\\\/\\\/bestcakesbcn.com\\\/#\\\/schema\\\/logo\\\/image\\\/\"},\"sameAs\":[\"https:\\\/\\\/www.facebook.com\\\/Bestcakesbcn\\\/?locale=es_LA\",\"https:\\\/\\\/www.instagram.com\\\/bestcakesbcn\\\/\"]}]}<\/script>\n<!-- \/ Yoast SEO plugin. -->","yoast_head_json":{"title":"Cursos y talleres - Bestcakesbcn","robots":{"index":"index","follow":"follow","max-snippet":"max-snippet:-1","max-image-preview":"max-image-preview:large","max-video-preview":"max-video-preview:-1"},"canonical":"https:\/\/bestcakesbcn.com\/en\/cursos-y-talleres\/","og_locale":"en_GB","og_type":"article","og_title":"Cursos y talleres - Bestcakesbcn","og_description":"Cursos y talleres HAZ DULCE DE TU MOMENTO M\u00c1S ESPECIAL Aprende y disfruta con nuestros cursos de reposter\u00eda dulce en grupo o particulares. Sum\u00e9rgete en el arte de la reposter\u00eda francesa y descubre talleres divertidos para ni\u00f1os. \u00a1Explora el mundo de los sabores dulces con nosotros! DESCUBRE EL PLACER DE CREAR DELICIAS EN NUESTROS CURSOS ... Read more","og_url":"https:\/\/bestcakesbcn.com\/en\/cursos-y-talleres\/","og_site_name":"Bestcakesbcn","article_publisher":"https:\/\/www.facebook.com\/Bestcakesbcn\/?locale=es_LA","article_modified_time":"2023-08-19T16:52:43+00:00","twitter_card":"summary_large_image","twitter_misc":{"Estimated reading time":"1 minute"},"schema":{"@context":"https:\/\/schema.org","@graph":[{"@type":"WebPage","@id":"https:\/\/bestcakesbcn.com\/cursos-y-talleres\/","url":"https:\/\/bestcakesbcn.com\/cursos-y-talleres\/","name":"Cursos y talleres - Bestcakesbcn","isPartOf":{"@id":"https:\/\/bestcakesbcn.com\/#website"},"datePublished":"2023-03-21T19:23:20+00:00","dateModified":"2023-08-19T16:52:43+00:00","breadcrumb":{"@id":"https:\/\/bestcakesbcn.com\/cursos-y-talleres\/#breadcrumb"},"inLanguage":"en-GB","potentialAction":[{"@type":"ReadAction","target":["https:\/\/bestcakesbcn.com\/cursos-y-talleres\/"]}]},{"@type":"BreadcrumbList","@id":"https:\/\/bestcakesbcn.com\/cursos-y-talleres\/#breadcrumb","itemListElement":[{"@type":"ListItem","position":1,"name":"Portada","item":"https:\/\/bestcakesbcn.com\/"},{"@type":"ListItem","position":2,"name":"Cursos y talleres"}]},{"@type":"WebSite","@id":"https:\/\/bestcakesbcn.com\/#website","url":"https:\/\/bestcakesbcn.com\/","name":"Bestcakesbcn","description":"Pasteler\u00eda creativa en Barcelona","publisher":{"@id":"https:\/\/bestcakesbcn.com\/#organization"},"potentialAction":[{"@type":"SearchAction","target":{"@type":"EntryPoint","urlTemplate":"https:\/\/bestcakesbcn.com\/?s={search_term_string}"},"query-input":{"@type":"PropertyValueSpecification","valueRequired":true,"valueName":"search_term_string"}}],"inLanguage":"en-GB"},{"@type":"Organization","@id":"https:\/\/bestcakesbcn.com\/#organization","name":"Bestcakesbcn","url":"https:\/\/bestcakesbcn.com\/","logo":{"@type":"ImageObject","inLanguage":"en-GB","@id":"https:\/\/bestcakesbcn.com\/#\/schema\/logo\/image\/","url":"https:\/\/bestcakesbcn.com\/wp-content\/uploads\/2023\/03\/Logo-tarta-pichi.png","contentUrl":"https:\/\/bestcakesbcn.com\/wp-content\/uploads\/2023\/03\/Logo-tarta-pichi.png","width":215,"height":331,"caption":"Bestcakesbcn"},"image":{"@id":"https:\/\/bestcakesbcn.com\/#\/schema\/logo\/image\/"},"sameAs":["https:\/\/www.facebook.com\/Bestcakesbcn\/?locale=es_LA","https:\/\/www.instagram.com\/bestcakesbcn\/"]}]}},"_links":{"self":[{"href":"https:\/\/bestcakesbcn.com\/en\/wp-json\/wp\/v2\/pages\/646","targetHints":{"allow":["GET"]}}],"collection":[{"href":"https:\/\/bestcakesbcn.com\/en\/wp-json\/wp\/v2\/pages"}],"about":[{"href":"https:\/\/bestcakesbcn.com\/en\/wp-json\/wp\/v2\/types\/page"}],"author":[{"embeddable":true,"href":"https:\/\/bestcakesbcn.com\/en\/wp-json\/wp\/v2\/users\/1"}],"replies":[{"embeddable":true,"href":"https:\/\/bestcakesbcn.com\/en\/wp-json\/wp\/v2\/comments?post=646"}],"version-history":[{"count":56,"href":"https:\/\/bestcakesbcn.com\/en\/wp-json\/wp\/v2\/pages\/646\/revisions"}],"predecessor-version":[{"id":1340,"href":"https:\/\/bestcakesbcn.com\/en\/wp-json\/wp\/v2\/pages\/646\/revisions\/1340"}],"wp:attachment":[{"href":"https:\/\/bestcakesbcn.com\/en\/wp-json\/wp\/v2\/media?parent=646"}],"curies":[{"name":"wp","href":"https:\/\/api.w.org\/{rel}","templated":true}]}}