{"id":970,"date":"2023-07-23T17:59:45","date_gmt":"2023-07-23T17:59:45","guid":{"rendered":"https:\/\/bestcakesbcn.com\/?page_id=970"},"modified":"2023-07-24T12:03:54","modified_gmt":"2023-07-24T12:03:54","slug":"condiciones-de-compra","status":"publish","type":"page","link":"https:\/\/bestcakesbcn.com\/en\/condiciones-de-compra\/","title":{"rendered":"Conditions of purchase"},"content":{"rendered":"<h2 class=\"wp-block-heading\">PRECIOS<\/h2>\n\n\n\n<p>Los precios de nuestro sitio web se muestran en euros. De acuerdo a la legislaci\u00f3n vigente, toda compra hecha desde nuestro sitio web estar\u00e1 sujeta al Impuesto sobre el Valor A\u00f1adido (IVA). Seg\u00fan la normativa espa\u00f1ola, estamos obligados a emitir factura para pedidos superiores a 3.000 \u20ac (IVA incluido). Los gastos de env\u00edo ser\u00e1n a\u00f1adidos en el resumen de la compra, antes de efectuar el pago. Best Cakes Bcn&nbsp;se reserva el derecho de modificar los precios que se muestran en el sitio sin previo aviso. El precio de los productos ser\u00e1 el que se estipule en cada momento en nuestro sitio web, salvo en caso de error manifiesto. &nbsp;Quedan a salvo los derechos reconocidos por la legislaci\u00f3n vigente.<\/p>\n\n\n\n<h2 class=\"wp-block-heading\">DISPONIBILIDAD<\/h2>\n\n\n\n<p>En principio, todos los productos de nuestra tienda est\u00e1n disponibles pero hay que tener en cuenta que, dada su naturaleza artesana, muchos de nuestros productos tienen una producci\u00f3n limitada. En el caso de que se agoten las existencias de un producto y no sea posible disponer del mismo para la fecha y hora indicada en su pedido, contactaremos inmediatamente para proponerle un producto de caracter\u00edsticas y precio similares o reembolsarle la cantidad correspondiente.<\/p>\n\n\n\n<h2 class=\"wp-block-heading\">TIEMPO DE ENTREGA<\/h2>\n\n\n\n<p>En condiciones normales, el tiempo de entrega&nbsp;de los pedidos recibidos es de acuerdo a la fecha pactada entre Best Cakes Bcn y el cliente. En el caso de productos de pasteler\u00eda creativa comprados online la entrega se har\u00e1 de acuerdo a lo estimado por la empresa. Si su pedido es urgente, por favor p\u00f3ngase en contacto con nosotros en la direcci\u00f3n info@bestcakesbcn.com o bien llamando a los&nbsp;tel\u00e9fonos 671623097&nbsp; o&nbsp; 935992179.<\/p>\n\n\n\n<h2 class=\"wp-block-heading\">TRANSPORTE<\/h2>\n\n\n\n<p>Los productos se env\u00edan, a destino, en veh\u00edculos propios o concertados.&nbsp;<\/p>\n\n\n\n<p>El precio del transporte es variable en funci\u00f3n de la distancia y la facturaci\u00f3n.<\/p>\n\n\n\n<p>Por tanto, a&nbsp;medida que aumenta el importe de la compra disminuye el coste del transporte hasta llegar al coste m\u00ednimo.&nbsp;<\/p>\n\n\n\n<p>El coste m\u00ednimo del transporte ser\u00e1, en todos los envios, de 12\u20ac.<\/p>\n\n\n\n<h2 class=\"wp-block-heading\">CAMBIOS Y DEVOLUCIONES<\/h2>\n\n\n\n<p>Si por cualquier raz\u00f3n no queda satisfecho\/a con su compra contacte por e-mail en info@bestcakesbcn.com&nbsp;en un plazo m\u00e1ximo de 2 d\u00edas laborales desde la recepci\u00f3n del pedido, indic\u00e1ndonos claramente cual es el problema. Para cambios y devoluciones debe llevar su pedido y factura a nuestra&nbsp;tienda, en la Avda. Diagonal 76 tienda 1.08019. Barcelona, y le daremos la soluci\u00f3n que necesite. No aceptaremos cambios o devoluciones si previamente no hemos recibido notificaci\u00f3n.<\/p>\n\n\n\n<h2 class=\"wp-block-heading\">CANCELACIONES<\/h2>\n\n\n\n<p>El plazo m\u00e1ximo para cancelar un pedido es de 24 horas antes de la fecha de entrega.<\/p>\n\n\n\n<h2 class=\"wp-block-heading\">SEGURIDAD EN LOS PAGOS CON TARJETA<\/h2>\n\n\n\n<p>Best Cakes Bcn acepta pagos con tarjeta de cr\u00e9dito o d\u00e9bito (Visa, Visa Electr\u00f3n, Mastercard y Maestro). Para proteger la seguridad en el pago mediante tarjeta de cr\u00e9dito o d\u00e9bito, utilizamos sistemas de pago seguras. Los datos confidenciales del pago son transmitidos directamente y de forma encriptada (SSL) a la entidad financiera. Al hacer el pago a trav\u00e9s de pasarela de pago segura, el sistema verificar\u00e1 autom\u00e1ticamente que la tarjeta de cr\u00e9dito est\u00e1 activada para el Comercio Electr\u00f3nico Seguro. Despu\u00e9s conectar\u00e1 con el banco emisor de la misma, el cual solicitar\u00e1 la autenticaci\u00f3n y la autorizaci\u00f3n de la operaci\u00f3n.<\/p>\n\n\n\n<p>Los pagos con tarjeta podr\u00e1n utilizarse para cualquier tipo de entrega, ya sea en domicilio o recogida en tienda.<\/p>\n\n\n\n<h2 class=\"wp-block-heading\">COMPROBACI\u00d3N DE DATOS PERSONALES<\/h2>\n\n\n\n<p>Best Cakes Bcn se reserva el derecho de contactar a sus clientes y\/o efectuar determinadas comprobaciones cuando lo considere oportuno, con la finalidad de garantizar la autenticidad de los datos personales facilitados.<\/p>","protected":false},"excerpt":{"rendered":"<p>PRECIOS Los precios de nuestro sitio web se muestran en euros. De acuerdo a la legislaci\u00f3n vigente, toda compra hecha desde nuestro sitio web estar\u00e1 sujeta al Impuesto sobre el Valor A\u00f1adido (IVA). Seg\u00fan la normativa espa\u00f1ola, estamos obligados a emitir factura para pedidos superiores a 3.000 \u20ac (IVA incluido). Los gastos de env\u00edo ser\u00e1n &#8230; <a title=\"Conditions of purchase\" class=\"read-more\" href=\"https:\/\/bestcakesbcn.com\/en\/condiciones-de-compra\/\" aria-label=\"Read more about Condiciones de compra\">Read more<\/a><\/p>","protected":false},"author":1,"featured_media":0,"parent":0,"menu_order":0,"comment_status":"closed","ping_status":"closed","template":"","meta":{"footnotes":""},"class_list":["post-970","page","type-page","status-publish"],"yoast_head":"<!-- This site is optimized with the Yoast SEO plugin v27.4 - https:\/\/yoast.com\/product\/yoast-seo-wordpress\/ -->\n<title>Condiciones de compra - Bestcakesbcn<\/title>\n<meta name=\"robots\" content=\"index, follow, max-snippet:-1, max-image-preview:large, max-video-preview:-1\" \/>\n<link rel=\"canonical\" href=\"https:\/\/bestcakesbcn.com\/en\/condiciones-de-compra\/\" \/>\n<meta property=\"og:locale\" content=\"en_GB\" \/>\n<meta property=\"og:type\" content=\"article\" \/>\n<meta property=\"og:title\" content=\"Condiciones de compra - Bestcakesbcn\" \/>\n<meta property=\"og:description\" content=\"PRECIOS Los precios de nuestro sitio web se muestran en euros. De acuerdo a la legislaci\u00f3n vigente, toda compra hecha desde nuestro sitio web estar\u00e1 sujeta al Impuesto sobre el Valor A\u00f1adido (IVA). Seg\u00fan la normativa espa\u00f1ola, estamos obligados a emitir factura para pedidos superiores a 3.000 \u20ac (IVA incluido). Los gastos de env\u00edo ser\u00e1n ... Read more\" \/>\n<meta property=\"og:url\" content=\"https:\/\/bestcakesbcn.com\/en\/condiciones-de-compra\/\" \/>\n<meta property=\"og:site_name\" content=\"Bestcakesbcn\" \/>\n<meta property=\"article:publisher\" content=\"https:\/\/www.facebook.com\/Bestcakesbcn\/?locale=es_LA\" \/>\n<meta property=\"article:modified_time\" content=\"2023-07-24T12:03:54+00:00\" \/>\n<meta name=\"twitter:card\" content=\"summary_large_image\" \/>\n<meta name=\"twitter:label1\" content=\"Estimated reading time\" \/>\n\t<meta name=\"twitter:data1\" content=\"3 minutes\" \/>\n<script type=\"application\/ld+json\" class=\"yoast-schema-graph\">{\"@context\":\"https:\\\/\\\/schema.org\",\"@graph\":[{\"@type\":\"WebPage\",\"@id\":\"https:\\\/\\\/bestcakesbcn.com\\\/condiciones-de-compra\\\/\",\"url\":\"https:\\\/\\\/bestcakesbcn.com\\\/condiciones-de-compra\\\/\",\"name\":\"Condiciones de compra - Bestcakesbcn\",\"isPartOf\":{\"@id\":\"https:\\\/\\\/bestcakesbcn.com\\\/#website\"},\"datePublished\":\"2023-07-23T17:59:45+00:00\",\"dateModified\":\"2023-07-24T12:03:54+00:00\",\"breadcrumb\":{\"@id\":\"https:\\\/\\\/bestcakesbcn.com\\\/condiciones-de-compra\\\/#breadcrumb\"},\"inLanguage\":\"en-GB\",\"potentialAction\":[{\"@type\":\"ReadAction\",\"target\":[\"https:\\\/\\\/bestcakesbcn.com\\\/condiciones-de-compra\\\/\"]}]},{\"@type\":\"BreadcrumbList\",\"@id\":\"https:\\\/\\\/bestcakesbcn.com\\\/condiciones-de-compra\\\/#breadcrumb\",\"itemListElement\":[{\"@type\":\"ListItem\",\"position\":1,\"name\":\"Portada\",\"item\":\"https:\\\/\\\/bestcakesbcn.com\\\/\"},{\"@type\":\"ListItem\",\"position\":2,\"name\":\"Condiciones de compra\"}]},{\"@type\":\"WebSite\",\"@id\":\"https:\\\/\\\/bestcakesbcn.com\\\/#website\",\"url\":\"https:\\\/\\\/bestcakesbcn.com\\\/\",\"name\":\"Bestcakesbcn\",\"description\":\"Pasteler\u00eda creativa en Barcelona\",\"publisher\":{\"@id\":\"https:\\\/\\\/bestcakesbcn.com\\\/#organization\"},\"potentialAction\":[{\"@type\":\"SearchAction\",\"target\":{\"@type\":\"EntryPoint\",\"urlTemplate\":\"https:\\\/\\\/bestcakesbcn.com\\\/?s={search_term_string}\"},\"query-input\":{\"@type\":\"PropertyValueSpecification\",\"valueRequired\":true,\"valueName\":\"search_term_string\"}}],\"inLanguage\":\"en-GB\"},{\"@type\":\"Organization\",\"@id\":\"https:\\\/\\\/bestcakesbcn.com\\\/#organization\",\"name\":\"Bestcakesbcn\",\"url\":\"https:\\\/\\\/bestcakesbcn.com\\\/\",\"logo\":{\"@type\":\"ImageObject\",\"inLanguage\":\"en-GB\",\"@id\":\"https:\\\/\\\/bestcakesbcn.com\\\/#\\\/schema\\\/logo\\\/image\\\/\",\"url\":\"https:\\\/\\\/bestcakesbcn.com\\\/wp-content\\\/uploads\\\/2023\\\/03\\\/Logo-tarta-pichi.png\",\"contentUrl\":\"https:\\\/\\\/bestcakesbcn.com\\\/wp-content\\\/uploads\\\/2023\\\/03\\\/Logo-tarta-pichi.png\",\"width\":215,\"height\":331,\"caption\":\"Bestcakesbcn\"},\"image\":{\"@id\":\"https:\\\/\\\/bestcakesbcn.com\\\/#\\\/schema\\\/logo\\\/image\\\/\"},\"sameAs\":[\"https:\\\/\\\/www.facebook.com\\\/Bestcakesbcn\\\/?locale=es_LA\",\"https:\\\/\\\/www.instagram.com\\\/bestcakesbcn\\\/\"]}]}<\/script>\n<!-- \/ Yoast SEO plugin. -->","yoast_head_json":{"title":"Condiciones de compra - Bestcakesbcn","robots":{"index":"index","follow":"follow","max-snippet":"max-snippet:-1","max-image-preview":"max-image-preview:large","max-video-preview":"max-video-preview:-1"},"canonical":"https:\/\/bestcakesbcn.com\/en\/condiciones-de-compra\/","og_locale":"en_GB","og_type":"article","og_title":"Condiciones de compra - Bestcakesbcn","og_description":"PRECIOS Los precios de nuestro sitio web se muestran en euros. De acuerdo a la legislaci\u00f3n vigente, toda compra hecha desde nuestro sitio web estar\u00e1 sujeta al Impuesto sobre el Valor A\u00f1adido (IVA). Seg\u00fan la normativa espa\u00f1ola, estamos obligados a emitir factura para pedidos superiores a 3.000 \u20ac (IVA incluido). Los gastos de env\u00edo ser\u00e1n ... Read more","og_url":"https:\/\/bestcakesbcn.com\/en\/condiciones-de-compra\/","og_site_name":"Bestcakesbcn","article_publisher":"https:\/\/www.facebook.com\/Bestcakesbcn\/?locale=es_LA","article_modified_time":"2023-07-24T12:03:54+00:00","twitter_card":"summary_large_image","twitter_misc":{"Estimated reading time":"3 minutes"},"schema":{"@context":"https:\/\/schema.org","@graph":[{"@type":"WebPage","@id":"https:\/\/bestcakesbcn.com\/condiciones-de-compra\/","url":"https:\/\/bestcakesbcn.com\/condiciones-de-compra\/","name":"Condiciones de compra - Bestcakesbcn","isPartOf":{"@id":"https:\/\/bestcakesbcn.com\/#website"},"datePublished":"2023-07-23T17:59:45+00:00","dateModified":"2023-07-24T12:03:54+00:00","breadcrumb":{"@id":"https:\/\/bestcakesbcn.com\/condiciones-de-compra\/#breadcrumb"},"inLanguage":"en-GB","potentialAction":[{"@type":"ReadAction","target":["https:\/\/bestcakesbcn.com\/condiciones-de-compra\/"]}]},{"@type":"BreadcrumbList","@id":"https:\/\/bestcakesbcn.com\/condiciones-de-compra\/#breadcrumb","itemListElement":[{"@type":"ListItem","position":1,"name":"Portada","item":"https:\/\/bestcakesbcn.com\/"},{"@type":"ListItem","position":2,"name":"Condiciones de compra"}]},{"@type":"WebSite","@id":"https:\/\/bestcakesbcn.com\/#website","url":"https:\/\/bestcakesbcn.com\/","name":"Bestcakesbcn","description":"Pasteler\u00eda creativa en Barcelona","publisher":{"@id":"https:\/\/bestcakesbcn.com\/#organization"},"potentialAction":[{"@type":"SearchAction","target":{"@type":"EntryPoint","urlTemplate":"https:\/\/bestcakesbcn.com\/?s={search_term_string}"},"query-input":{"@type":"PropertyValueSpecification","valueRequired":true,"valueName":"search_term_string"}}],"inLanguage":"en-GB"},{"@type":"Organization","@id":"https:\/\/bestcakesbcn.com\/#organization","name":"Bestcakesbcn","url":"https:\/\/bestcakesbcn.com\/","logo":{"@type":"ImageObject","inLanguage":"en-GB","@id":"https:\/\/bestcakesbcn.com\/#\/schema\/logo\/image\/","url":"https:\/\/bestcakesbcn.com\/wp-content\/uploads\/2023\/03\/Logo-tarta-pichi.png","contentUrl":"https:\/\/bestcakesbcn.com\/wp-content\/uploads\/2023\/03\/Logo-tarta-pichi.png","width":215,"height":331,"caption":"Bestcakesbcn"},"image":{"@id":"https:\/\/bestcakesbcn.com\/#\/schema\/logo\/image\/"},"sameAs":["https:\/\/www.facebook.com\/Bestcakesbcn\/?locale=es_LA","https:\/\/www.instagram.com\/bestcakesbcn\/"]}]}},"_links":{"self":[{"href":"https:\/\/bestcakesbcn.com\/en\/wp-json\/wp\/v2\/pages\/970","targetHints":{"allow":["GET"]}}],"collection":[{"href":"https:\/\/bestcakesbcn.com\/en\/wp-json\/wp\/v2\/pages"}],"about":[{"href":"https:\/\/bestcakesbcn.com\/en\/wp-json\/wp\/v2\/types\/page"}],"author":[{"embeddable":true,"href":"https:\/\/bestcakesbcn.com\/en\/wp-json\/wp\/v2\/users\/1"}],"replies":[{"embeddable":true,"href":"https:\/\/bestcakesbcn.com\/en\/wp-json\/wp\/v2\/comments?post=970"}],"version-history":[{"count":2,"href":"https:\/\/bestcakesbcn.com\/en\/wp-json\/wp\/v2\/pages\/970\/revisions"}],"predecessor-version":[{"id":972,"href":"https:\/\/bestcakesbcn.com\/en\/wp-json\/wp\/v2\/pages\/970\/revisions\/972"}],"wp:attachment":[{"href":"https:\/\/bestcakesbcn.com\/en\/wp-json\/wp\/v2\/media?parent=970"}],"curies":[{"name":"wp","href":"https:\/\/api.w.org\/{rel}","templated":true}]}}